{"id":211,"date":"2022-10-08T14:38:24","date_gmt":"2022-10-08T12:38:24","guid":{"rendered":"https:\/\/grangemosaique.fr\/?post_type=product&#038;p=211"},"modified":"2025-10-11T16:41:26","modified_gmt":"2025-10-11T14:41:26","slug":"creation-artistique-sur-plaque-en-mosaique-5","status":"publish","type":"product","link":"https:\/\/grangemosaique.fr\/?product=creation-artistique-sur-plaque-en-mosaique-5","title":{"rendered":"Plateau de table &#8211; Cr\u00e9ation artistique, voilier"},"content":{"rendered":"","protected":false},"excerpt":{"rendered":"<p>Peut \u00eatre accroch\u00e9 au mur, fixations fournies<\/p>\n<p>Ou peut \u00eatre utilis\u00e9 comme plateau de table d&rsquo;int\u00e9rieur ou d&rsquo;ext\u00e9rieur.<\/p>\n<p>Plateau 96 x 56 cm, \u00e9paisseur 3,5 cm, poids 30kg.<\/p>\n","protected":false},"featured_media":201,"comment_status":"open","ping_status":"closed","template":"","meta":{"_et_pb_use_builder":"","_et_pb_old_content":"","_et_gb_content_width":""},"product_cat":[31,29],"product_tag":[],"class_list":{"0":"post-211","1":"product","2":"type-product","3":"status-publish","4":"has-post-thumbnail","6":"product_cat-terrazzo","7":"product_cat-plateau-de-table","9":"first","10":"instock","11":"shipping-taxable","12":"purchasable","13":"product-type-simple"},"yoast_head":"<!-- This site is optimized with the Yoast SEO plugin v21.9.1 - https:\/\/yoast.com\/wordpress\/plugins\/seo\/ -->\n<title>Plateau de table - Cr\u00e9ation artistique, voilier - David Grange<\/title>\n<meta name=\"robots\" content=\"index, follow, max-snippet:-1, max-image-preview:large, max-video-preview:-1\" \/>\n<link rel=\"canonical\" href=\"https:\/\/grangemosaique.fr\/?product=creation-artistique-sur-plaque-en-mosaique-5\" \/>\n<meta property=\"og:locale\" content=\"fr_FR\" \/>\n<meta property=\"og:type\" content=\"article\" \/>\n<meta property=\"og:title\" content=\"Plateau de table - Cr\u00e9ation artistique, voilier - David Grange\" \/>\n<meta property=\"og:description\" content=\"Peut \u00eatre accroch\u00e9 au mur, fixations fournies  Ou peut \u00eatre utilis\u00e9 comme plateau de table d&#039;int\u00e9rieur ou d&#039;ext\u00e9rieur.  Plateau 96 x 56 cm, \u00e9paisseur 3,5 cm, poids 30kg.\" \/>\n<meta property=\"og:url\" content=\"https:\/\/grangemosaique.fr\/?product=creation-artistique-sur-plaque-en-mosaique-5\" \/>\n<meta property=\"og:site_name\" content=\"David Grange\" \/>\n<meta property=\"article:modified_time\" content=\"2025-10-11T14:41:26+00:00\" \/>\n<meta property=\"og:image\" content=\"https:\/\/grangemosaique.fr\/wp-content\/uploads\/2022\/10\/bateau-1024x625.png\" \/>\n\t<meta property=\"og:image:width\" content=\"1024\" \/>\n\t<meta property=\"og:image:height\" content=\"625\" \/>\n\t<meta property=\"og:image:type\" content=\"image\/png\" \/>\n<meta name=\"twitter:card\" content=\"summary_large_image\" \/>\n<script type=\"application\/ld+json\" class=\"yoast-schema-graph\">{\"@context\":\"https:\/\/schema.org\",\"@graph\":[{\"@type\":\"WebPage\",\"@id\":\"https:\/\/grangemosaique.fr\/?product=creation-artistique-sur-plaque-en-mosaique-5\",\"url\":\"https:\/\/grangemosaique.fr\/?product=creation-artistique-sur-plaque-en-mosaique-5\",\"name\":\"Plateau de table - Cr\u00e9ation artistique, voilier - David Grange\",\"isPartOf\":{\"@id\":\"https:\/\/grangemosaique.fr\/#website\"},\"datePublished\":\"2022-10-08T12:38:24+00:00\",\"dateModified\":\"2025-10-11T14:41:26+00:00\",\"breadcrumb\":{\"@id\":\"https:\/\/grangemosaique.fr\/?product=creation-artistique-sur-plaque-en-mosaique-5#breadcrumb\"},\"inLanguage\":\"fr-FR\",\"potentialAction\":[{\"@type\":\"ReadAction\",\"target\":[\"https:\/\/grangemosaique.fr\/?product=creation-artistique-sur-plaque-en-mosaique-5\"]}]},{\"@type\":\"BreadcrumbList\",\"@id\":\"https:\/\/grangemosaique.fr\/?product=creation-artistique-sur-plaque-en-mosaique-5#breadcrumb\",\"itemListElement\":[{\"@type\":\"ListItem\",\"position\":1,\"name\":\"Accueil\",\"item\":\"https:\/\/grangemosaique.fr\/\"},{\"@type\":\"ListItem\",\"position\":2,\"name\":\"Boutique\",\"item\":\"https:\/\/grangemosaique.fr\/?page_id=192\"},{\"@type\":\"ListItem\",\"position\":3,\"name\":\"Plateau de table &#8211; Cr\u00e9ation artistique, voilier\"}]},{\"@type\":\"WebSite\",\"@id\":\"https:\/\/grangemosaique.fr\/#website\",\"url\":\"https:\/\/grangemosaique.fr\/\",\"name\":\"David Grange - Artisan Mosa\u00efste\",\"description\":\"Artisan \\tMosa\u00efste\",\"potentialAction\":[{\"@type\":\"SearchAction\",\"target\":{\"@type\":\"EntryPoint\",\"urlTemplate\":\"https:\/\/grangemosaique.fr\/?s={search_term_string}\"},\"query-input\":\"required name=search_term_string\"}],\"inLanguage\":\"fr-FR\"}]}<\/script>\n<!-- \/ Yoast SEO plugin. -->","yoast_head_json":{"title":"Plateau de table - Cr\u00e9ation artistique, voilier - David Grange","robots":{"index":"index","follow":"follow","max-snippet":"max-snippet:-1","max-image-preview":"max-image-preview:large","max-video-preview":"max-video-preview:-1"},"canonical":"https:\/\/grangemosaique.fr\/?product=creation-artistique-sur-plaque-en-mosaique-5","og_locale":"fr_FR","og_type":"article","og_title":"Plateau de table - Cr\u00e9ation artistique, voilier - David Grange","og_description":"Peut \u00eatre accroch\u00e9 au mur, fixations fournies  Ou peut \u00eatre utilis\u00e9 comme plateau de table d'int\u00e9rieur ou d'ext\u00e9rieur.  Plateau 96 x 56 cm, \u00e9paisseur 3,5 cm, poids 30kg.","og_url":"https:\/\/grangemosaique.fr\/?product=creation-artistique-sur-plaque-en-mosaique-5","og_site_name":"David Grange","article_modified_time":"2025-10-11T14:41:26+00:00","og_image":[{"width":1024,"height":625,"url":"https:\/\/grangemosaique.fr\/wp-content\/uploads\/2022\/10\/bateau-1024x625.png","type":"image\/png"}],"twitter_card":"summary_large_image","schema":{"@context":"https:\/\/schema.org","@graph":[{"@type":"WebPage","@id":"https:\/\/grangemosaique.fr\/?product=creation-artistique-sur-plaque-en-mosaique-5","url":"https:\/\/grangemosaique.fr\/?product=creation-artistique-sur-plaque-en-mosaique-5","name":"Plateau de table - Cr\u00e9ation artistique, voilier - David Grange","isPartOf":{"@id":"https:\/\/grangemosaique.fr\/#website"},"datePublished":"2022-10-08T12:38:24+00:00","dateModified":"2025-10-11T14:41:26+00:00","breadcrumb":{"@id":"https:\/\/grangemosaique.fr\/?product=creation-artistique-sur-plaque-en-mosaique-5#breadcrumb"},"inLanguage":"fr-FR","potentialAction":[{"@type":"ReadAction","target":["https:\/\/grangemosaique.fr\/?product=creation-artistique-sur-plaque-en-mosaique-5"]}]},{"@type":"BreadcrumbList","@id":"https:\/\/grangemosaique.fr\/?product=creation-artistique-sur-plaque-en-mosaique-5#breadcrumb","itemListElement":[{"@type":"ListItem","position":1,"name":"Accueil","item":"https:\/\/grangemosaique.fr\/"},{"@type":"ListItem","position":2,"name":"Boutique","item":"https:\/\/grangemosaique.fr\/?page_id=192"},{"@type":"ListItem","position":3,"name":"Plateau de table &#8211; Cr\u00e9ation artistique, voilier"}]},{"@type":"WebSite","@id":"https:\/\/grangemosaique.fr\/#website","url":"https:\/\/grangemosaique.fr\/","name":"David Grange - Artisan Mosa\u00efste","description":"Artisan \tMosa\u00efste","potentialAction":[{"@type":"SearchAction","target":{"@type":"EntryPoint","urlTemplate":"https:\/\/grangemosaique.fr\/?s={search_term_string}"},"query-input":"required name=search_term_string"}],"inLanguage":"fr-FR"}]}},"_links":{"self":[{"href":"https:\/\/grangemosaique.fr\/index.php?rest_route=\/wp\/v2\/product\/211","targetHints":{"allow":["GET"]}}],"collection":[{"href":"https:\/\/grangemosaique.fr\/index.php?rest_route=\/wp\/v2\/product"}],"about":[{"href":"https:\/\/grangemosaique.fr\/index.php?rest_route=\/wp\/v2\/types\/product"}],"replies":[{"embeddable":true,"href":"https:\/\/grangemosaique.fr\/index.php?rest_route=%2Fwp%2Fv2%2Fcomments&post=211"}],"wp:featuredmedia":[{"embeddable":true,"href":"https:\/\/grangemosaique.fr\/index.php?rest_route=\/wp\/v2\/media\/201"}],"wp:attachment":[{"href":"https:\/\/grangemosaique.fr\/index.php?rest_route=%2Fwp%2Fv2%2Fmedia&parent=211"}],"wp:term":[{"taxonomy":"product_cat","embeddable":true,"href":"https:\/\/grangemosaique.fr\/index.php?rest_route=%2Fwp%2Fv2%2Fproduct_cat&post=211"},{"taxonomy":"product_tag","embeddable":true,"href":"https:\/\/grangemosaique.fr\/index.php?rest_route=%2Fwp%2Fv2%2Fproduct_tag&post=211"}],"curies":[{"name":"wp","href":"https:\/\/api.w.org\/{rel}","templated":true}]}}