{"id":574,"date":"2025-10-11T17:10:36","date_gmt":"2025-10-11T15:10:36","guid":{"rendered":"https:\/\/grangemosaique.fr\/?post_type=product&#038;p=574"},"modified":"2025-10-11T18:39:53","modified_gmt":"2025-10-11T16:39:53","slug":"grand-tableau-terrazzo-griffon","status":"publish","type":"product","link":"https:\/\/grangemosaique.fr\/?product=grand-tableau-terrazzo-griffon","title":{"rendered":"Grand tableau terrazzo &#8211; Griffon"},"content":{"rendered":"<p>[et_pb_section fb_built=\u00a0\u00bb1&Prime; _builder_version=\u00a0\u00bb3.22&Prime; custom_padding=\u00a0\u00bb0px||||false|false\u00a0\u00bb][et_pb_row _builder_version=\u00a0\u00bb3.25&Prime; background_size=\u00a0\u00bbinitial\u00a0\u00bb background_position=\u00a0\u00bbtop_left\u00a0\u00bb background_repeat=\u00a0\u00bbrepeat\u00a0\u00bb width=\u00a0\u00bb100%\u00a0\u00bb custom_padding=\u00a0\u00bb0px||0px||false|false\u00a0\u00bb][et_pb_column type=\u00a0\u00bb4_4&Prime; _builder_version=\u00a0\u00bb3.25&Prime; custom_padding=\u00a0\u00bb|||\u00a0\u00bb custom_padding__hover=\u00a0\u00bb|||\u00a0\u00bb][et_pb_wc_breadcrumb _builder_version=\u00a0\u00bb3.0.47&Prime;][\/et_pb_wc_breadcrumb][et_pb_wc_cart_notice _builder_version=\u00a0\u00bb3.0.47&Prime;][\/et_pb_wc_cart_notice][\/et_pb_column][\/et_pb_row][et_pb_row column_structure=\u00a0\u00bb1_2,1_2&Prime; _builder_version=\u00a0\u00bb4.9.7&Prime; background_size=\u00a0\u00bbinitial\u00a0\u00bb background_position=\u00a0\u00bbtop_left\u00a0\u00bb background_repeat=\u00a0\u00bbrepeat\u00a0\u00bb width=\u00a0\u00bb100%\u00a0\u00bb custom_padding=\u00a0\u00bb0px||||false|false\u00a0\u00bb][et_pb_column type=\u00a0\u00bb1_2&Prime; _builder_version=\u00a0\u00bb3.25&Prime; custom_padding=\u00a0\u00bb|||\u00a0\u00bb custom_padding__hover=\u00a0\u00bb|||\u00a0\u00bb][et_pb_wc_images _builder_version=\u00a0\u00bb4.9.7&Prime; custom_css_before_last_edited=\u00a0\u00bboff|desktop\u00a0\u00bb custom_css_before__hover_enabled=\u00a0\u00bboff|desktop\u00a0\u00bb][\/et_pb_wc_images][\/et_pb_column][et_pb_column type=\u00a0\u00bb1_2&Prime; _builder_version=\u00a0\u00bb3.25&Prime; custom_padding=\u00a0\u00bb|||\u00a0\u00bb custom_padding__hover=\u00a0\u00bb|||\u00a0\u00bb][et_pb_wc_title _builder_version=\u00a0\u00bb3.0.47&Prime;][\/et_pb_wc_title][et_pb_wc_rating _builder_version=\u00a0\u00bb3.0.47&Prime;][\/et_pb_wc_rating][et_pb_wc_price _builder_version=\u00a0\u00bb3.0.47&Prime;][\/et_pb_wc_price][et_pb_wc_description _builder_version=\u00a0\u00bb3.0.47&Prime;][\/et_pb_wc_description][et_pb_wc_add_to_cart _builder_version=\u00a0\u00bb3.0.47&Prime;][\/et_pb_wc_add_to_cart][et_pb_wc_meta _builder_version=\u00a0\u00bb3.0.47&Prime;][\/et_pb_wc_meta][\/et_pb_column][\/et_pb_row][et_pb_row _builder_version=\u00a0\u00bb3.25&Prime; background_size=\u00a0\u00bbinitial\u00a0\u00bb background_position=\u00a0\u00bbtop_left\u00a0\u00bb background_repeat=\u00a0\u00bbrepeat\u00a0\u00bb width=\u00a0\u00bb100%\u00a0\u00bb][et_pb_column type=\u00a0\u00bb4_4&Prime; _builder_version=\u00a0\u00bb3.25&Prime; custom_padding=\u00a0\u00bb|||\u00a0\u00bb custom_padding__hover=\u00a0\u00bb|||\u00a0\u00bb][et_pb_wc_tabs _builder_version=\u00a0\u00bb3.0.47&Prime;]\t\t\t\t\t[\/et_pb_wc_tabs][et_pb_wc_upsells _builder_version=\u00a0\u00bb3.0.47&Prime;][\/et_pb_wc_upsells][et_pb_wc_related_products _builder_version=\u00a0\u00bb3.0.47&Prime;][\/et_pb_wc_related_products][\/et_pb_column][\/et_pb_row][\/et_pb_section]<\/p>\n","protected":false},"excerpt":{"rendered":"<p>Peut \u00eatre accroch\u00e9 au mur, fixations fournies<\/p>\n<p>Ou peut \u00eatre utilis\u00e9 comme plateau de table d\u2019int\u00e9rieur ou d\u2019ext\u00e9rieur.<\/p>\n<p>Plateau 96 x 56 cm, \u00e9paisseur 3,5 cm, poids 30kg.<\/p>\n","protected":false},"featured_media":577,"comment_status":"open","ping_status":"closed","template":"","meta":{"_et_pb_use_builder":"on","_et_pb_old_content":"","_et_gb_content_width":""},"product_cat":[31,22,25],"product_tag":[],"class_list":{"0":"post-574","1":"product","2":"type-product","3":"status-publish","4":"has-post-thumbnail","6":"product_cat-terrazzo","7":"product_cat-tableaux","8":"product_cat-grand","10":"first","11":"instock","12":"shipping-taxable","13":"purchasable","14":"product-type-simple"},"yoast_head":"<!-- This site is optimized with the Yoast SEO plugin v21.9.1 - https:\/\/yoast.com\/wordpress\/plugins\/seo\/ -->\n<title>Grand tableau terrazzo - Griffon - David Grange<\/title>\n<meta name=\"robots\" content=\"index, follow, max-snippet:-1, max-image-preview:large, max-video-preview:-1\" \/>\n<link rel=\"canonical\" href=\"https:\/\/grangemosaique.fr\/?product=grand-tableau-terrazzo-griffon\" \/>\n<meta property=\"og:locale\" content=\"fr_FR\" \/>\n<meta property=\"og:type\" content=\"article\" \/>\n<meta property=\"og:title\" content=\"Grand tableau terrazzo - Griffon - David Grange\" \/>\n<meta property=\"og:description\" content=\"Peut \u00eatre accroch\u00e9 au mur, fixations fournies  Ou peut \u00eatre utilis\u00e9 comme plateau de table d\u2019int\u00e9rieur ou d\u2019ext\u00e9rieur.  Plateau 96 x 56 cm, \u00e9paisseur 3,5 cm, poids 30kg.\" \/>\n<meta property=\"og:url\" content=\"https:\/\/grangemosaique.fr\/?product=grand-tableau-terrazzo-griffon\" \/>\n<meta property=\"og:site_name\" content=\"David Grange\" \/>\n<meta property=\"article:modified_time\" content=\"2025-10-11T16:39:53+00:00\" \/>\n<meta property=\"og:image\" content=\"https:\/\/grangemosaique.fr\/wp-content\/uploads\/2025\/10\/griffon-3.jpg\" \/>\n\t<meta property=\"og:image:width\" content=\"1024\" \/>\n\t<meta property=\"og:image:height\" content=\"683\" \/>\n\t<meta property=\"og:image:type\" content=\"image\/jpeg\" \/>\n<meta name=\"twitter:card\" content=\"summary_large_image\" \/>\n<meta name=\"twitter:label1\" content=\"Dur\u00e9e de lecture estim\u00e9e\" \/>\n\t<meta name=\"twitter:data1\" content=\"3 minutes\" \/>\n<script type=\"application\/ld+json\" class=\"yoast-schema-graph\">{\"@context\":\"https:\/\/schema.org\",\"@graph\":[{\"@type\":\"WebPage\",\"@id\":\"https:\/\/grangemosaique.fr\/?product=grand-tableau-terrazzo-griffon\",\"url\":\"https:\/\/grangemosaique.fr\/?product=grand-tableau-terrazzo-griffon\",\"name\":\"Grand tableau terrazzo - Griffon - David Grange\",\"isPartOf\":{\"@id\":\"https:\/\/grangemosaique.fr\/#website\"},\"datePublished\":\"2025-10-11T15:10:36+00:00\",\"dateModified\":\"2025-10-11T16:39:53+00:00\",\"breadcrumb\":{\"@id\":\"https:\/\/grangemosaique.fr\/?product=grand-tableau-terrazzo-griffon#breadcrumb\"},\"inLanguage\":\"fr-FR\",\"potentialAction\":[{\"@type\":\"ReadAction\",\"target\":[\"https:\/\/grangemosaique.fr\/?product=grand-tableau-terrazzo-griffon\"]}]},{\"@type\":\"BreadcrumbList\",\"@id\":\"https:\/\/grangemosaique.fr\/?product=grand-tableau-terrazzo-griffon#breadcrumb\",\"itemListElement\":[{\"@type\":\"ListItem\",\"position\":1,\"name\":\"Accueil\",\"item\":\"https:\/\/grangemosaique.fr\/\"},{\"@type\":\"ListItem\",\"position\":2,\"name\":\"Boutique\",\"item\":\"https:\/\/grangemosaique.fr\/?page_id=192\"},{\"@type\":\"ListItem\",\"position\":3,\"name\":\"Grand tableau terrazzo &#8211; Griffon\"}]},{\"@type\":\"WebSite\",\"@id\":\"https:\/\/grangemosaique.fr\/#website\",\"url\":\"https:\/\/grangemosaique.fr\/\",\"name\":\"David Grange - Artisan Mosa\u00efste\",\"description\":\"Artisan \\tMosa\u00efste\",\"potentialAction\":[{\"@type\":\"SearchAction\",\"target\":{\"@type\":\"EntryPoint\",\"urlTemplate\":\"https:\/\/grangemosaique.fr\/?s={search_term_string}\"},\"query-input\":\"required name=search_term_string\"}],\"inLanguage\":\"fr-FR\"}]}<\/script>\n<!-- \/ Yoast SEO plugin. -->","yoast_head_json":{"title":"Grand tableau terrazzo - Griffon - David Grange","robots":{"index":"index","follow":"follow","max-snippet":"max-snippet:-1","max-image-preview":"max-image-preview:large","max-video-preview":"max-video-preview:-1"},"canonical":"https:\/\/grangemosaique.fr\/?product=grand-tableau-terrazzo-griffon","og_locale":"fr_FR","og_type":"article","og_title":"Grand tableau terrazzo - Griffon - David Grange","og_description":"Peut \u00eatre accroch\u00e9 au mur, fixations fournies  Ou peut \u00eatre utilis\u00e9 comme plateau de table d\u2019int\u00e9rieur ou d\u2019ext\u00e9rieur.  Plateau 96 x 56 cm, \u00e9paisseur 3,5 cm, poids 30kg.","og_url":"https:\/\/grangemosaique.fr\/?product=grand-tableau-terrazzo-griffon","og_site_name":"David Grange","article_modified_time":"2025-10-11T16:39:53+00:00","og_image":[{"url":"https:\/\/grangemosaique.fr\/wp-content\/uploads\/2025\/10\/griffon-3.jpg","width":1024,"height":683,"type":"image\/jpeg"}],"twitter_card":"summary_large_image","twitter_misc":{"Dur\u00e9e de lecture estim\u00e9e":"3 minutes"},"schema":{"@context":"https:\/\/schema.org","@graph":[{"@type":"WebPage","@id":"https:\/\/grangemosaique.fr\/?product=grand-tableau-terrazzo-griffon","url":"https:\/\/grangemosaique.fr\/?product=grand-tableau-terrazzo-griffon","name":"Grand tableau terrazzo - Griffon - David Grange","isPartOf":{"@id":"https:\/\/grangemosaique.fr\/#website"},"datePublished":"2025-10-11T15:10:36+00:00","dateModified":"2025-10-11T16:39:53+00:00","breadcrumb":{"@id":"https:\/\/grangemosaique.fr\/?product=grand-tableau-terrazzo-griffon#breadcrumb"},"inLanguage":"fr-FR","potentialAction":[{"@type":"ReadAction","target":["https:\/\/grangemosaique.fr\/?product=grand-tableau-terrazzo-griffon"]}]},{"@type":"BreadcrumbList","@id":"https:\/\/grangemosaique.fr\/?product=grand-tableau-terrazzo-griffon#breadcrumb","itemListElement":[{"@type":"ListItem","position":1,"name":"Accueil","item":"https:\/\/grangemosaique.fr\/"},{"@type":"ListItem","position":2,"name":"Boutique","item":"https:\/\/grangemosaique.fr\/?page_id=192"},{"@type":"ListItem","position":3,"name":"Grand tableau terrazzo &#8211; Griffon"}]},{"@type":"WebSite","@id":"https:\/\/grangemosaique.fr\/#website","url":"https:\/\/grangemosaique.fr\/","name":"David Grange - Artisan Mosa\u00efste","description":"Artisan \tMosa\u00efste","potentialAction":[{"@type":"SearchAction","target":{"@type":"EntryPoint","urlTemplate":"https:\/\/grangemosaique.fr\/?s={search_term_string}"},"query-input":"required name=search_term_string"}],"inLanguage":"fr-FR"}]}},"_links":{"self":[{"href":"https:\/\/grangemosaique.fr\/index.php?rest_route=\/wp\/v2\/product\/574","targetHints":{"allow":["GET"]}}],"collection":[{"href":"https:\/\/grangemosaique.fr\/index.php?rest_route=\/wp\/v2\/product"}],"about":[{"href":"https:\/\/grangemosaique.fr\/index.php?rest_route=\/wp\/v2\/types\/product"}],"replies":[{"embeddable":true,"href":"https:\/\/grangemosaique.fr\/index.php?rest_route=%2Fwp%2Fv2%2Fcomments&post=574"}],"wp:featuredmedia":[{"embeddable":true,"href":"https:\/\/grangemosaique.fr\/index.php?rest_route=\/wp\/v2\/media\/577"}],"wp:attachment":[{"href":"https:\/\/grangemosaique.fr\/index.php?rest_route=%2Fwp%2Fv2%2Fmedia&parent=574"}],"wp:term":[{"taxonomy":"product_cat","embeddable":true,"href":"https:\/\/grangemosaique.fr\/index.php?rest_route=%2Fwp%2Fv2%2Fproduct_cat&post=574"},{"taxonomy":"product_tag","embeddable":true,"href":"https:\/\/grangemosaique.fr\/index.php?rest_route=%2Fwp%2Fv2%2Fproduct_tag&post=574"}],"curies":[{"name":"wp","href":"https:\/\/api.w.org\/{rel}","templated":true}]}}